{"id":5,"date":"2017-11-20T11:08:21","date_gmt":"2017-11-20T10:08:21","guid":{"rendered":"https:\/\/www.sainte-therese-les-cordeliers.fr\/contraception\/?page_id=5"},"modified":"2017-12-05T13:49:15","modified_gmt":"2017-12-05T12:49:15","slug":"accueil","status":"publish","type":"page","link":"https:\/\/www.sainte-therese-les-cordeliers.fr\/pourunesexualiteprotegee\/","title":{"rendered":"ACCUEIL"},"content":{"rendered":"<div class=\"fusion-fullwidth fullwidth-box fusion-builder-row-1 nonhundred-percent-fullwidth non-hundred-percent-height-scrolling\" style=\"--awb-border-radius-top-left:0px;--awb-border-radius-top-right:0px;--awb-border-radius-bottom-right:0px;--awb-border-radius-bottom-left:0px;--awb-flex-wrap:wrap;\" ><div class=\"fusion-builder-row fusion-row\"><div class=\"fusion-layout-column fusion_builder_column fusion-builder-column-0 fusion_builder_column_1_1 1_1 fusion-one-full fusion-column-first fusion-column-last\" style=\"--awb-bg-size:cover;\"><div class=\"fusion-column-wrapper fusion-flex-column-wrapper-legacy\"><div class=\"fusion-blog-shortcode fusion-blog-shortcode-1 fusion-blog-archive fusion-blog-layout-large-alternate fusion-blog-pagination\"><div class=\"fusion-posts-container fusion-posts-container-pagination fusion-blog-rollover\" data-pages=\"1\"><article id=\"blog-1-post-87\" class=\"fusion-post-large-alternate post-87 post type-post status-publish format-standard hentry category-soins\">\n\t<style type=\"text\/css\">\n\t\t\n\t\t\n\t\t\n\t\t\n\t\t\t<\/style>\n\n\n<div class=\"fusion-date-and-formats\"><div class=\"fusion-date-box updated\"><span class=\"fusion-date\">19<\/span><span class=\"fusion-month-year\">12, 2017<\/span><\/div><div class=\"fusion-format-box\"><i class=\"awb-icon-pen\" aria-hidden=\"true\"><\/i><\/div><\/div><div class=\"fusion-post-content post-content\"><h2 class=\"blog-shortcode-post-title entry-title\"><a href=\"https:\/\/www.sainte-therese-les-cordeliers.fr\/pourunesexualiteprotegee\/2017\/12\/19\/ne-pas-rennoncer-aux-soins\/\">Ne pas renoncer aux soins<\/a><\/h2><p class=\"fusion-single-line-meta\"><span class=\"vcard\" style=\"display: none;\"><span class=\"fn\"><a href=\"https:\/\/www.sainte-therese-les-cordeliers.fr\/pourunesexualiteprotegee\/author\/1assp\/\" title=\"Articles par 1assp\" rel=\"author\">1assp<\/a><\/span><\/span><span class=\"updated\" style=\"display:none;\">2017-12-19T14:37:08+01:00<\/span><span>mardi, 19 d\u00e9cembre, 2017<\/span><span class=\"fusion-inline-sep\">|<\/span>Cat\u00e9gories : <a href=\"https:\/\/www.sainte-therese-les-cordeliers.fr\/pourunesexualiteprotegee\/category\/soins\/\" rel=\"category tag\">Soins<\/a><span class=\"fusion-inline-sep\">|<\/span><span class=\"fusion-comments\"><span>Commentaires ferm\u00e9s<span class=\"screen-reader-text\"> sur Ne pas renoncer aux soins<\/span><\/span><\/span><\/p><div class=\"fusion-post-content-container\"><p>Prospectus PFIDASS (<span class=\"st\">plateforme d&rsquo;intervention d\u00e9partementale pour l&rsquo;acc\u00e8s aux soins et \u00e0 la sant\u00e9<\/span>), r\u00e9alis\u00e9 par des \u00e9l\u00e8ves de 1\u00e8re ASSP :<\/p>\n<p><img decoding=\"async\" class=\"wp-image-95 alignleft\" src=\"https:\/\/www.sainte-therese-les-cordeliers.fr\/pourunesexualiteprotegee\/wp-content\/uploads\/sites\/5\/2017\/12\/PFIDASS-212x300.png\" alt=\"\" width=\"81\" height=\"114\" srcset=\"https:\/\/www.sainte-therese-les-cordeliers.fr\/pourunesexualiteprotegee\/wp-content\/uploads\/sites\/5\/2017\/12\/PFIDASS-200x283.png 200w, https:\/\/www.sainte-therese-les-cordeliers.fr\/pourunesexualiteprotegee\/wp-content\/uploads\/sites\/5\/2017\/12\/PFIDASS-212x300.png 212w, https:\/\/www.sainte-therese-les-cordeliers.fr\/pourunesexualiteprotegee\/wp-content\/uploads\/sites\/5\/2017\/12\/PFIDASS-400x566.png 400w, https:\/\/www.sainte-therese-les-cordeliers.fr\/pourunesexualiteprotegee\/wp-content\/uploads\/sites\/5\/2017\/12\/PFIDASS.png 522w\" sizes=\"(max-width: 81px) 100vw, 81px\" \/><\/p>\n<p><a href=\"https:\/\/fr.calameo.com\/read\/0045684568bb782f5e5ba\">https:\/\/fr.calameo.com\/read\/0045684568bb782f5e5ba<\/a><\/p>\n<\/div><\/div><div class=\"fusion-clearfix\"><\/div><div class=\"fusion-meta-info\"><div class=\"fusion-alignright\"><a class=\"fusion-read-more\" href=\"https:\/\/www.sainte-therese-les-cordeliers.fr\/pourunesexualiteprotegee\/2017\/12\/19\/ne-pas-rennoncer-aux-soins\/\" aria-label=\"More on Ne pas renoncer aux soins\">Lire Plus<\/a><\/div><\/div><\/article>\n<article id=\"blog-1-post-72\" class=\"fusion-post-large-alternate post-72 post type-post status-publish format-standard hentry category-contraception\">\n\t<style type=\"text\/css\">\n\t\t\n\t\t\n\t\t\n\t\t\n\t\t\t<\/style>\n\n\n<div class=\"fusion-date-and-formats\"><div class=\"fusion-date-box updated\"><span class=\"fusion-date\">12<\/span><span class=\"fusion-month-year\">12, 2017<\/span><\/div><div class=\"fusion-format-box\"><i class=\"awb-icon-pen\" aria-hidden=\"true\"><\/i><\/div><\/div><div class=\"fusion-post-content post-content\"><h2 class=\"blog-shortcode-post-title entry-title\"><a href=\"https:\/\/www.sainte-therese-les-cordeliers.fr\/pourunesexualiteprotegee\/2017\/12\/12\/mineure-ma-contraception\/\">Mineure, ma contraception ?<\/a><\/h2><p class=\"fusion-single-line-meta\"><span class=\"vcard\" style=\"display: none;\"><span class=\"fn\"><a href=\"https:\/\/www.sainte-therese-les-cordeliers.fr\/pourunesexualiteprotegee\/author\/1assp\/\" title=\"Articles par 1assp\" rel=\"author\">1assp<\/a><\/span><\/span><span class=\"updated\" style=\"display:none;\">2017-12-19T14:40:24+01:00<\/span><span>mardi, 12 d\u00e9cembre, 2017<\/span><span class=\"fusion-inline-sep\">|<\/span>Cat\u00e9gories : <a href=\"https:\/\/www.sainte-therese-les-cordeliers.fr\/pourunesexualiteprotegee\/category\/contraception\/\" rel=\"category tag\">contraception<\/a><span class=\"fusion-inline-sep\">|<\/span><span class=\"fusion-comments\"><span>Commentaires ferm\u00e9s<span class=\"screen-reader-text\"> sur Mineure, ma contraception ?<\/span><\/span><\/span><\/p><div class=\"fusion-post-content-container\"><p>Vous trouverez gr\u00e2ce \u00e0 ce lien les r\u00e9ponses \u00e0 vos questions !<\/p>\n<p><img decoding=\"async\" class=\"wp-image-98 alignleft\" src=\"https:\/\/www.sainte-therese-les-cordeliers.fr\/pourunesexualiteprotegee\/wp-content\/uploads\/sites\/5\/2017\/12\/CLARA-211x300.png\" alt=\"\" width=\"92\" height=\"130\" srcset=\"https:\/\/www.sainte-therese-les-cordeliers.fr\/pourunesexualiteprotegee\/wp-content\/uploads\/sites\/5\/2017\/12\/CLARA-200x285.png 200w, https:\/\/www.sainte-therese-les-cordeliers.fr\/pourunesexualiteprotegee\/wp-content\/uploads\/sites\/5\/2017\/12\/CLARA-211x300.png 211w, https:\/\/www.sainte-therese-les-cordeliers.fr\/pourunesexualiteprotegee\/wp-content\/uploads\/sites\/5\/2017\/12\/CLARA-400x570.png 400w, https:\/\/www.sainte-therese-les-cordeliers.fr\/pourunesexualiteprotegee\/wp-content\/uploads\/sites\/5\/2017\/12\/CLARA.png 516w\" sizes=\"(max-width: 92px) 100vw, 92px\" \/><\/p>\n<p><a href=\"https:\/\/fr.calameo.com\/read\/004568456049caa8b8a7f\">https:\/\/fr.calameo.com\/read\/004568456049caa8b8a7f<\/a><\/p>\n<p>Ce prospectus a \u00e9t\u00e9 \u00e9labor\u00e9 par trois \u00e9l\u00e8ves de 1\u00e8re ASSP.<\/p>\n<\/div><\/div><div class=\"fusion-clearfix\"><\/div><div class=\"fusion-meta-info\"><div class=\"fusion-alignright\"><a class=\"fusion-read-more\" href=\"https:\/\/www.sainte-therese-les-cordeliers.fr\/pourunesexualiteprotegee\/2017\/12\/12\/mineure-ma-contraception\/\" aria-label=\"More on Mineure, ma contraception ?\">Lire Plus<\/a><\/div><\/div><\/article>\n<article id=\"blog-1-post-45\" class=\"fusion-post-large-alternate post-45 post type-post status-publish format-standard hentry category-pilule\">\n\t<style type=\"text\/css\">\n\t\t\n\t\t\n\t\t\n\t\t\n\t\t\t<\/style>\n\n\n<div class=\"fusion-date-and-formats\"><div class=\"fusion-date-box updated\"><span class=\"fusion-date\">5<\/span><span class=\"fusion-month-year\">12, 2017<\/span><\/div><div class=\"fusion-format-box\"><i class=\"awb-icon-pen\" aria-hidden=\"true\"><\/i><\/div><\/div><div class=\"fusion-post-content post-content\"><h2 class=\"blog-shortcode-post-title entry-title\"><a href=\"https:\/\/www.sainte-therese-les-cordeliers.fr\/pourunesexualiteprotegee\/2017\/12\/05\/la-pilule-du-lendemain\/\">La pilule du lendemain<\/a><\/h2><p class=\"fusion-single-line-meta\"><span class=\"vcard\" style=\"display: none;\"><span class=\"fn\"><a href=\"https:\/\/www.sainte-therese-les-cordeliers.fr\/pourunesexualiteprotegee\/author\/1assp\/\" title=\"Articles par 1assp\" rel=\"author\">1assp<\/a><\/span><\/span><span class=\"updated\" style=\"display:none;\">2018-01-09T11:38:52+01:00<\/span><span>mardi, 5 d\u00e9cembre, 2017<\/span><span class=\"fusion-inline-sep\">|<\/span>Cat\u00e9gories : <a href=\"https:\/\/www.sainte-therese-les-cordeliers.fr\/pourunesexualiteprotegee\/category\/pilule\/\" rel=\"category tag\">Pilule<\/a><span class=\"fusion-inline-sep\">|<\/span><span class=\"fusion-comments\"><span>Commentaires ferm\u00e9s<span class=\"screen-reader-text\"> sur La pilule du lendemain<\/span><\/span><\/span><\/p><div class=\"fusion-post-content-container\"><p><img decoding=\"async\" class=\"alignnone wp-image-54 alignleft\" src=\"https:\/\/www.sainte-therese-les-cordeliers.fr\/contraception\/wp-content\/uploads\/sites\/5\/2017\/11\/pilule-300x164.jpg\" alt=\"\" width=\"272\" height=\"149\" srcset=\"https:\/\/www.sainte-therese-les-cordeliers.fr\/pourunesexualiteprotegee\/wp-content\/uploads\/sites\/5\/2017\/11\/pilule-200x109.jpg 200w, https:\/\/www.sainte-therese-les-cordeliers.fr\/pourunesexualiteprotegee\/wp-content\/uploads\/sites\/5\/2017\/11\/pilule-300x164.jpg 300w, https:\/\/www.sainte-therese-les-cordeliers.fr\/pourunesexualiteprotegee\/wp-content\/uploads\/sites\/5\/2017\/11\/pilule-400x218.jpg 400w, https:\/\/www.sainte-therese-les-cordeliers.fr\/pourunesexualiteprotegee\/wp-content\/uploads\/sites\/5\/2017\/11\/pilule.jpg 403w\" sizes=\"(max-width: 272px) 100vw, 272px\" \/><img decoding=\"async\" class=\"alignnone wp-image-55 alignleft\" src=\"https:\/\/www.sainte-therese-les-cordeliers.fr\/contraception\/wp-content\/uploads\/sites\/5\/2017\/12\/bbbb-300x159.jpg\" alt=\"\" width=\"287\" height=\"152\" srcset=\"https:\/\/www.sainte-therese-les-cordeliers.fr\/pourunesexualiteprotegee\/wp-content\/uploads\/sites\/5\/2017\/12\/bbbb-200x106.jpg 200w, https:\/\/www.sainte-therese-les-cordeliers.fr\/pourunesexualiteprotegee\/wp-content\/uploads\/sites\/5\/2017\/12\/bbbb-300x159.jpg 300w, https:\/\/www.sainte-therese-les-cordeliers.fr\/pourunesexualiteprotegee\/wp-content\/uploads\/sites\/5\/2017\/12\/bbbb-400x212.jpg 400w, https:\/\/www.sainte-therese-les-cordeliers.fr\/pourunesexualiteprotegee\/wp-content\/uploads\/sites\/5\/2017\/12\/bbbb.jpg 500w\" sizes=\"(max-width: 287px) 100vw, 287px\" \/><\/p>\n<p>&nbsp;<\/p>\n<p>&nbsp;<\/p>\n<p>&nbsp;<\/p>\n<p>&nbsp;<\/p>\n<p>&nbsp;<\/p>\n<p>Elle est d\u00e9livr\u00e9e dans les pharmacies de fa\u00e7on anonyme et gratuite pour les mineures. Comme tous les m\u00e9dicaments, il est conseill\u00e9 de lire la notice, cependant la prise de contraception d&rsquo;urgence doit rester exceptionnelle. Elle ne permet pas d&rsquo;\u00e9viter la grossesse, elle r\u00e9duit juste les risques. Elle ne peut pas remplacer la prise d&rsquo;une contraception r\u00e9guli\u00e8re associ\u00e9e \u00e0 un suivi m\u00e9dical. Elle se prend apr\u00e8s un rapport sexuel non prot\u00e9g\u00e9. Elle doit intervenir de pr\u00e9f\u00e9rence sous les 12 heures apr\u00e8s le rapport et au plus tard dans les 3 jours<\/p>\n<p>Pour savoir si la pilule a \u00e9t\u00e9 efficace il faut surveiller l&rsquo;apparition des prochaines r\u00e8gles<\/p>\n<\/div><\/div><div class=\"fusion-clearfix\"><\/div><div class=\"fusion-meta-info\"><div class=\"fusion-alignright\"><a class=\"fusion-read-more\" href=\"https:\/\/www.sainte-therese-les-cordeliers.fr\/pourunesexualiteprotegee\/2017\/12\/05\/la-pilule-du-lendemain\/\" aria-label=\"More on La pilule du lendemain\">Lire Plus<\/a><\/div><\/div><\/article>\n<article id=\"blog-1-post-47\" class=\"fusion-post-large-alternate post-47 post type-post status-publish format-standard hentry category-violences-et-harcelement tag-harcelement\">\n\t<style type=\"text\/css\">\n\t\t\n\t\t\n\t\t\n\t\t\n\t\t\t<\/style>\n\n\n<div class=\"fusion-date-and-formats\"><div class=\"fusion-date-box updated\"><span class=\"fusion-date\">5<\/span><span class=\"fusion-month-year\">12, 2017<\/span><\/div><div class=\"fusion-format-box\"><i class=\"awb-icon-pen\" aria-hidden=\"true\"><\/i><\/div><\/div><div class=\"fusion-post-content post-content\"><h2 class=\"blog-shortcode-post-title entry-title\"><a href=\"https:\/\/www.sainte-therese-les-cordeliers.fr\/pourunesexualiteprotegee\/2017\/12\/05\/47\/\">Harc\u00e8lement et Violences sexuelles<\/a><\/h2><p class=\"fusion-single-line-meta\"><span class=\"vcard\" style=\"display: none;\"><span class=\"fn\"><a href=\"https:\/\/www.sainte-therese-les-cordeliers.fr\/pourunesexualiteprotegee\/author\/1assp\/\" title=\"Articles par 1assp\" rel=\"author\">1assp<\/a><\/span><\/span><span class=\"updated\" style=\"display:none;\">2018-01-09T11:42:28+01:00<\/span><span>mardi, 5 d\u00e9cembre, 2017<\/span><span class=\"fusion-inline-sep\">|<\/span>Cat\u00e9gories : <a href=\"https:\/\/www.sainte-therese-les-cordeliers.fr\/pourunesexualiteprotegee\/category\/violences-et-harcelement\/\" rel=\"category tag\">Violences et Harc\u00e8lement<\/a><span class=\"fusion-inline-sep\">|<\/span><span class=\"meta-tags\">Tags: <a href=\"https:\/\/www.sainte-therese-les-cordeliers.fr\/pourunesexualiteprotegee\/tag\/harcelement\/\" rel=\"tag\">Harc\u00e8lement<\/a><\/span><span class=\"fusion-inline-sep\">|<\/span><span class=\"fusion-comments\"><span>Commentaires ferm\u00e9s<span class=\"screen-reader-text\"> sur Harc\u00e8lement et Violences sexuelles<\/span><\/span><\/span><\/p><div class=\"fusion-post-content-container\"><p><img decoding=\"async\" class=\"alignnone wp-image-52 aligncenter\" src=\"https:\/\/www.sainte-therese-les-cordeliers.fr\/contraception\/wp-content\/uploads\/sites\/5\/2017\/12\/violences-300x150.jpg\" alt=\"\" width=\"330\" height=\"165\" srcset=\"https:\/\/www.sainte-therese-les-cordeliers.fr\/pourunesexualiteprotegee\/wp-content\/uploads\/sites\/5\/2017\/12\/violences-200x100.jpg 200w, https:\/\/www.sainte-therese-les-cordeliers.fr\/pourunesexualiteprotegee\/wp-content\/uploads\/sites\/5\/2017\/12\/violences-300x150.jpg 300w, https:\/\/www.sainte-therese-les-cordeliers.fr\/pourunesexualiteprotegee\/wp-content\/uploads\/sites\/5\/2017\/12\/violences.jpg 317w\" sizes=\"(max-width: 330px) 100vw, 330px\" \/><\/p>\n<p>Il arrive que des personnes cherchent \u00e0 imposer aux autres leur fa\u00e7on de vivre leur sexualit\u00e9, transformant ainsi leur partenaire en simple objet : c&rsquo;est de l&rsquo;exploitation sexuelle.<\/p>\n<p>Elle peut prendre diverses formes : invitations trop insistantes, harc\u00e8lements, menaces, chantage affectif ou m\u00eame utilisation de la force pour parvenir \u00e0 ses fins, du baiser forc\u00e9 jusqu&rsquo;au viol, en passant par l&rsquo;exhibitionnisme, les commentaires sexistes&#8230;<\/p>\n<p>Ces comportements sont inacceptables et r\u00e9prim\u00e9s par la loi car ce sont des rapports de pouvoir et de soumission qui vont \u00e0 l&rsquo;encontre de l&rsquo;\u00e9galit\u00e9 et du respect de l&rsquo;int\u00e9grit\u00e9 des personnes. Pour celles qui les subissent, les cons\u00e9quences sont souvent graves : perte de confiance en soi et dans les autres, d\u00e9valorisation&#8230;<\/p>\n<p>Personne ne doit accepter de subir ou de laisser subir \u00e0 quelqu&rsquo;un une forme quelconque d&rsquo;exploitation sexuelle, qu&rsquo;elle provienne d&rsquo;inconnus, de copains, de sup\u00e9rieurs, d&rsquo;amis intimes ou m\u00eame de membres de sa famille.<\/p>\n<p>Que les faits soient anciens ou r\u00e9cents, <strong class=\"caractencadre-spip spip\">IL FAUT EN PARLER<\/strong> \u00e0 une personne en qui vous avez confiance, <strong class=\"caractencadre-spip spip\">\u00e0 un professionnel <\/strong> (m\u00e9decin, assistant-e social-e, avocat-e) ou vous adresser \u00e0 <strong class=\"caractencadre-spip spip\"><a class=\"spip_in\" title=\"les associations pr\u00e8s de chez vous\" href=\"http:\/\/www.stop-violences-femmes.gouv.fr\/-les-associations-pres-de-chez-vous-.html\">une association<\/a><\/strong> sp\u00e9cialis\u00e9e dans la lutte contre le viol et les violences faites aux femmes qui vous accompagnera. <strong class=\"caractencadre-spip spip\">Le 3919<\/strong> est \u00e0 votre disposition pour vous \u00e9couter et vous guider.<\/p>\n<p> <a href=\"https:\/\/www.sainte-therese-les-cordeliers.fr\/pourunesexualiteprotegee\/2017\/12\/05\/47\/#more-47\" class=\"more-link\"><span aria-label=\"Lire la suite de Harc\u00e8lement et Violences sexuelles\">(suite\u2026)<\/span><\/a><\/p>\n<\/div><\/div><div class=\"fusion-clearfix\"><\/div><div class=\"fusion-meta-info\"><div class=\"fusion-alignright\"><a class=\"fusion-read-more\" href=\"https:\/\/www.sainte-therese-les-cordeliers.fr\/pourunesexualiteprotegee\/2017\/12\/05\/47\/\" aria-label=\"More on Harc\u00e8lement et Violences sexuelles\">Lire Plus<\/a><\/div><\/div><\/article>\n<article id=\"blog-1-post-40\" class=\"fusion-post-large-alternate post-40 post type-post status-publish format-standard hentry category-ivg tag-livg\">\n\t<style type=\"text\/css\">\n\t\t\n\t\t\n\t\t\n\t\t\n\t\t\t<\/style>\n\n\n<div class=\"fusion-date-and-formats\"><div class=\"fusion-date-box updated\"><span class=\"fusion-date\">28<\/span><span class=\"fusion-month-year\">11, 2017<\/span><\/div><div class=\"fusion-format-box\"><i class=\"awb-icon-pen\" aria-hidden=\"true\"><\/i><\/div><\/div><div class=\"fusion-post-content post-content\"><h2 class=\"blog-shortcode-post-title entry-title\"><a href=\"https:\/\/www.sainte-therese-les-cordeliers.fr\/pourunesexualiteprotegee\/2017\/11\/28\/livg\/\">L&rsquo;IVG<\/a><\/h2><p class=\"fusion-single-line-meta\"><span class=\"vcard\" style=\"display: none;\"><span class=\"fn\"><a href=\"https:\/\/www.sainte-therese-les-cordeliers.fr\/pourunesexualiteprotegee\/author\/1assp\/\" title=\"Articles par 1assp\" rel=\"author\">1assp<\/a><\/span><\/span><span class=\"updated\" style=\"display:none;\">2018-01-09T11:45:36+01:00<\/span><span>mardi, 28 novembre, 2017<\/span><span class=\"fusion-inline-sep\">|<\/span>Cat\u00e9gories : <a href=\"https:\/\/www.sainte-therese-les-cordeliers.fr\/pourunesexualiteprotegee\/category\/ivg\/\" rel=\"category tag\">IVG<\/a><span class=\"fusion-inline-sep\">|<\/span><span class=\"meta-tags\">Tags: <a href=\"https:\/\/www.sainte-therese-les-cordeliers.fr\/pourunesexualiteprotegee\/tag\/livg\/\" rel=\"tag\">L'IVG<\/a><\/span><span class=\"fusion-inline-sep\">|<\/span><span class=\"fusion-comments\"><span>Commentaires ferm\u00e9s<span class=\"screen-reader-text\"> sur L&rsquo;IVG<\/span><\/span><\/span><\/p><div class=\"fusion-post-content-container\"><p><img decoding=\"async\" class=\"alignnone wp-image-74 aligncenter\" src=\"https:\/\/www.sainte-therese-les-cordeliers.fr\/contraception\/wp-content\/uploads\/sites\/5\/2017\/11\/ivg-300x200.jpg\" alt=\"\" width=\"230\" height=\"153\" srcset=\"https:\/\/www.sainte-therese-les-cordeliers.fr\/pourunesexualiteprotegee\/wp-content\/uploads\/sites\/5\/2017\/11\/ivg-200x133.jpg 200w, https:\/\/www.sainte-therese-les-cordeliers.fr\/pourunesexualiteprotegee\/wp-content\/uploads\/sites\/5\/2017\/11\/ivg-300x200.jpg 300w, https:\/\/www.sainte-therese-les-cordeliers.fr\/pourunesexualiteprotegee\/wp-content\/uploads\/sites\/5\/2017\/11\/ivg-400x267.jpg 400w, https:\/\/www.sainte-therese-les-cordeliers.fr\/pourunesexualiteprotegee\/wp-content\/uploads\/sites\/5\/2017\/11\/ivg-600x400.jpg 600w, https:\/\/www.sainte-therese-les-cordeliers.fr\/pourunesexualiteprotegee\/wp-content\/uploads\/sites\/5\/2017\/11\/ivg-768x512.jpg 768w, https:\/\/www.sainte-therese-les-cordeliers.fr\/pourunesexualiteprotegee\/wp-content\/uploads\/sites\/5\/2017\/11\/ivg.jpg 800w\" sizes=\"(max-width: 230px) 100vw, 230px\" \/><\/p>\n<p>L\u2019interruption volontaire de grossesse (ou IVG) est un recours pour une femme enceinte ne d\u00e9sirant pas poursuivre sa grossesse. <strong>En France, c\u2019est un droit pour toutes les femmes.<\/strong> Une mineure peut y avoir acc\u00e8s \u00e0 condition d\u2019\u00eatre accompagn\u00e9e par la personne majeure de son choix : rien ne l\u2019oblige \u00e0 en parler \u00e0 ses parents.<\/p>\n<p><strong>La loi autorise l\u2019IVG pendant les quatorze premi\u00e8res semaines suivant le d\u00e9but des derni\u00e8res r\u00e8gles<\/strong> (par cons\u00e9quent, il n\u2019est pas possible de proc\u00e9der \u00e0 une IVG au-del\u00e0 de 12 semaines de grossesse).<\/p>\n<h2>IVG : Un num\u00e9ro et un site d\u00e9di\u00e9<\/h2>\n<p>Pour vous informer sur les d\u00e9marches pour acc\u00e9der \u00e0 une IVG,\u00a0 sur le d\u00e9roulement de l\u2019intervention, les lieux&#8230; vous pouvez appeler le <strong>0800 08 11 11<\/strong> (Service et appel gratuit et anonyme) ou consulter le site <strong><a href=\"http:\/\/ivg.gouv.fr\" target=\"_blank\" rel=\"noopener\">ivg.gouv.fr<\/a><\/strong>.<\/p>\n<\/div><\/div><div class=\"fusion-clearfix\"><\/div><div class=\"fusion-meta-info\"><div class=\"fusion-alignright\"><a class=\"fusion-read-more\" href=\"https:\/\/www.sainte-therese-les-cordeliers.fr\/pourunesexualiteprotegee\/2017\/11\/28\/livg\/\" aria-label=\"More on L&rsquo;IVG\">Lire Plus<\/a><\/div><\/div><\/article>\n<article id=\"blog-1-post-31\" class=\"fusion-post-large-alternate post-31 post type-post status-publish format-standard hentry category-non-classe tag-planning-familial\">\n\t<style type=\"text\/css\">\n\t\t\n\t\t\n\t\t\n\t\t\n\t\t\t<\/style>\n\n\n<div class=\"fusion-date-and-formats\"><div class=\"fusion-date-box updated\"><span class=\"fusion-date\">21<\/span><span class=\"fusion-month-year\">11, 2017<\/span><\/div><div class=\"fusion-format-box\"><i class=\"awb-icon-pen\" aria-hidden=\"true\"><\/i><\/div><\/div><div class=\"fusion-post-content post-content\"><h2 class=\"blog-shortcode-post-title entry-title\"><a href=\"https:\/\/www.sainte-therese-les-cordeliers.fr\/pourunesexualiteprotegee\/2017\/11\/21\/a-quoi-sert-le-planning-familial\/\">A quoi sert le planning familial ?<\/a><\/h2><p class=\"fusion-single-line-meta\"><span class=\"vcard\" style=\"display: none;\"><span class=\"fn\"><a href=\"https:\/\/www.sainte-therese-les-cordeliers.fr\/pourunesexualiteprotegee\/author\/1assp\/\" title=\"Articles par 1assp\" rel=\"author\">1assp<\/a><\/span><\/span><span class=\"updated\" style=\"display:none;\">2018-01-09T11:36:29+01:00<\/span><span>mardi, 21 novembre, 2017<\/span><span class=\"fusion-inline-sep\">|<\/span>Cat\u00e9gories : <a href=\"https:\/\/www.sainte-therese-les-cordeliers.fr\/pourunesexualiteprotegee\/category\/non-classe\/\" rel=\"category tag\">Non class\u00e9<\/a><span class=\"fusion-inline-sep\">|<\/span><span class=\"meta-tags\">Tags: <a href=\"https:\/\/www.sainte-therese-les-cordeliers.fr\/pourunesexualiteprotegee\/tag\/planning-familial\/\" rel=\"tag\">Planning familial<\/a><\/span><span class=\"fusion-inline-sep\">|<\/span><span class=\"fusion-comments\"><span>Commentaires ferm\u00e9s<span class=\"screen-reader-text\"> sur A quoi sert le planning familial ?<\/span><\/span><\/span><\/p><div class=\"fusion-post-content-container\"><p><img decoding=\"async\" class=\"wp-image-33 alignleft\" src=\"https:\/\/www.sainte-therese-les-cordeliers.fr\/contraception\/wp-content\/uploads\/sites\/5\/2017\/11\/index.jpeg\" alt=\"\" width=\"146\" height=\"144\" srcset=\"https:\/\/www.sainte-therese-les-cordeliers.fr\/pourunesexualiteprotegee\/wp-content\/uploads\/sites\/5\/2017\/11\/index-66x66.jpeg 66w, https:\/\/www.sainte-therese-les-cordeliers.fr\/pourunesexualiteprotegee\/wp-content\/uploads\/sites\/5\/2017\/11\/index-200x197.jpeg 200w, https:\/\/www.sainte-therese-les-cordeliers.fr\/pourunesexualiteprotegee\/wp-content\/uploads\/sites\/5\/2017\/11\/index.jpeg 226w\" sizes=\"(max-width: 146px) 100vw, 146px\" \/><\/p>\n<p><strong>Le planning familial de Clermont-Ferrand est situ\u00e9 <\/strong>:\u00a0 13, rue des Quatre Passeports<br \/>\n63000 CLERMONT FERRAND<\/p>\n<p><strong>Num\u00e9ro de t\u00e9l\u00e9phone:<\/strong>\u00a0 04 73 37 12 07<\/p>\n<p><strong>Permanences :<\/strong> du mardi au vendredi de 9h00 \u00e0 12h00 et de 13h30 \u00e0 17h30 sauf le vendredi jusqu&rsquo;\u00e0 16h30 seulement. Les consultations m\u00e9dicales ont lieu le mardi apr\u00e8s-midi et le mercredi apr\u00e8s-midi sur rendez-vous.<\/p>\n<p><strong>Pour aller au planning familial il ne faut pas obligatoirement \u00eatre accompagn\u00e9 d&rsquo;un adulte.<\/strong><br \/>\n <a href=\"https:\/\/www.sainte-therese-les-cordeliers.fr\/pourunesexualiteprotegee\/2017\/11\/21\/a-quoi-sert-le-planning-familial\/#more-31\" class=\"more-link\"><span aria-label=\"Lire la suite de A quoi sert le planning familial ?\">(suite\u2026)<\/span><\/a><\/p>\n<\/div><\/div><div class=\"fusion-clearfix\"><\/div><div class=\"fusion-meta-info\"><div class=\"fusion-alignright\"><a class=\"fusion-read-more\" href=\"https:\/\/www.sainte-therese-les-cordeliers.fr\/pourunesexualiteprotegee\/2017\/11\/21\/a-quoi-sert-le-planning-familial\/\" aria-label=\"More on A quoi sert le planning familial ?\">Lire Plus<\/a><\/div><\/div><\/article>\n<\/div><\/div><div class=\"fusion-clearfix\"><\/div><\/div><\/div><\/div><\/div>\n","protected":false},"excerpt":{"rendered":"<p>yes<\/p>\n","protected":false},"author":5,"featured_media":0,"parent":0,"menu_order":0,"comment_status":"closed","ping_status":"closed","template":"","meta":{"om_disable_all_campaigns":false,"footnotes":""},"class_list":["post-5","page","type-page","status-publish","hentry"],"_links":{"self":[{"href":"https:\/\/www.sainte-therese-les-cordeliers.fr\/pourunesexualiteprotegee\/wp-json\/wp\/v2\/pages\/5","targetHints":{"allow":["GET"]}}],"collection":[{"href":"https:\/\/www.sainte-therese-les-cordeliers.fr\/pourunesexualiteprotegee\/wp-json\/wp\/v2\/pages"}],"about":[{"href":"https:\/\/www.sainte-therese-les-cordeliers.fr\/pourunesexualiteprotegee\/wp-json\/wp\/v2\/types\/page"}],"author":[{"embeddable":true,"href":"https:\/\/www.sainte-therese-les-cordeliers.fr\/pourunesexualiteprotegee\/wp-json\/wp\/v2\/users\/5"}],"replies":[{"embeddable":true,"href":"https:\/\/www.sainte-therese-les-cordeliers.fr\/pourunesexualiteprotegee\/wp-json\/wp\/v2\/comments?post=5"}],"version-history":[{"count":0,"href":"https:\/\/www.sainte-therese-les-cordeliers.fr\/pourunesexualiteprotegee\/wp-json\/wp\/v2\/pages\/5\/revisions"}],"wp:attachment":[{"href":"https:\/\/www.sainte-therese-les-cordeliers.fr\/pourunesexualiteprotegee\/wp-json\/wp\/v2\/media?parent=5"}],"curies":[{"name":"wp","href":"https:\/\/api.w.org\/{rel}","templated":true}]}}